{"id":1730,"date":"2026-01-16T09:30:20","date_gmt":"2026-01-16T09:30:20","guid":{"rendered":"https:\/\/nordicclean.eu\/?page_id=1730"},"modified":"2026-01-16T09:36:58","modified_gmt":"2026-01-16T09:36:58","slug":"mediciniskie-un-diagnostikas-testi","status":"publish","type":"page","link":"https:\/\/nordicclean.eu\/en\/mediciniskie-un-diagnostikas-testi\/","title":{"rendered":"Medical and diagnostic tests"},"content":{"rendered":"<div data-elementor-type=\"wp-page\" data-elementor-id=\"1730\" class=\"elementor elementor-1730\" data-elementor-post-type=\"page\">\n\t\t\t\t<div class=\"elementor-element elementor-element-55f0689 e-flex e-con-boxed e-con e-parent\" data-id=\"55f0689\" data-element_type=\"container\" data-e-type=\"container\">\n\t\t\t\t\t<div class=\"e-con-inner\">\n\t\t<div class=\"elementor-element elementor-element-f24e742 e-con-full e-flex e-con e-child\" data-id=\"f24e742\" data-element_type=\"container\" data-e-type=\"container\">\n\t\t\t\t<div class=\"elementor-element elementor-element-670aac3 elementor-widget elementor-widget-themedraft_service_box_one\" data-id=\"670aac3\" data-element_type=\"widget\" data-e-type=\"widget\" data-widget_type=\"themedraft_service_box_one.default\">\n\t\t\t\t<div class=\"elementor-widget-container\">\n\t\t\t\t\t\n\t\t<div class=\"td-service-box-wrapper td-service-layout-1\">\n            <div class=\"row\">\n                                        <div class=\"col-xl-3 col-lg-6 col-md-6\">\n                            <div class=\"td-single-service-item\">\n                                <div class=\"td-service-image-icon\">\n                                                                        <a href=\"https:\/\/nordicclean.eu\/en\/service\/audzeju-markieru-testi\/\" class=\"td-service-image\" >\n                                        <img decoding=\"async\" src=\"https:\/\/nordicclean.eu\/wp-content\/uploads\/2023\/03\/service-4.jpg\" alt=\"\">\n                                    <\/a>\n                                                                        <div class=\"td-service-icon\">\n\t\t                                <i aria-hidden=\"true\" class=\"td-icon flaticon-laboratory-1\"><\/i>                                    <\/div>\n                                <\/div>\n\n                                <div class=\"td-service-box-content\">\n                                    <h4 class=\"td-service-title\">Tumour marker tests<\/h4>\n\n                                    <div class=\"td-service-desc\">\n\t                                    <p>To support cancer diagnosis and therapy monitoring.<\/p>                                    <\/div>\n\n                                    <div class=\"td-service-btn-wrapper\">\n                                        <a href=\"https:\/\/nordicclean.eu\/en\/service\/audzeju-markieru-testi\/\" class=\"td-button\">Read more<\/a>\n                                    <\/div>\n                                <\/div>\n                            <\/div>\n                        <\/div>\n                                            <div class=\"col-xl-3 col-lg-6 col-md-6\">\n                            <div class=\"td-single-service-item\">\n                                <div class=\"td-service-image-icon\">\n                                                                        <a href=\"https:\/\/nordicclean.eu\/en\/service\/auglibas-un-sieviesu-veselibas-testi\/\" class=\"td-service-image\" >\n                                        <img decoding=\"async\" src=\"https:\/\/nordicclean.eu\/wp-content\/uploads\/2023\/03\/service-1.jpg\" alt=\"Lab Service\">\n                                    <\/a>\n                                                                        <div class=\"td-service-icon\">\n\t\t                                <i aria-hidden=\"true\" class=\"td-icon flaticon-petri-dish\"><\/i>                                    <\/div>\n                                <\/div>\n\n                                <div class=\"td-service-box-content\">\n                                    <h4 class=\"td-service-title\">Fertility and women's health tests<\/h4>\n\n                                    <div class=\"td-service-desc\">\n\t                                    <p>For diagnosis of pregnancy, ovulation, hormonal and vaginal infections.<\/p>                                    <\/div>\n\n                                    <div class=\"td-service-btn-wrapper\">\n                                        <a href=\"https:\/\/nordicclean.eu\/en\/service\/auglibas-un-sieviesu-veselibas-testi\/\" class=\"td-button\">Read more<\/a>\n                                    <\/div>\n                                <\/div>\n                            <\/div>\n                        <\/div>\n                                            <div class=\"col-xl-3 col-lg-6 col-md-6\">\n                            <div class=\"td-single-service-item\">\n                                <div class=\"td-service-image-icon\">\n                                                                        <a href=\"https:\/\/nordicclean.eu\/en\/service\/iekaisuma-testi\/\" class=\"td-service-image\" >\n                                        <img decoding=\"async\" src=\"https:\/\/nordicclean.eu\/wp-content\/uploads\/2023\/03\/service-2.jpg\" alt=\"\">\n                                    <\/a>\n                                                                        <div class=\"td-service-icon\">\n\t\t                                <i aria-hidden=\"true\" class=\"td-icon flaticon-chemistry-2\"><\/i>                                    <\/div>\n                                <\/div>\n\n                                <div class=\"td-service-box-content\">\n                                    <h4 class=\"td-service-title\">Inflammation tests<\/h4>\n\n                                    <div class=\"td-service-desc\">\n\t                                    <p>To detect markers of inflammation in the body.<\/p>                                    <\/div>\n\n                                    <div class=\"td-service-btn-wrapper\">\n                                        <a href=\"https:\/\/nordicclean.eu\/en\/service\/iekaisuma-testi\/\" class=\"td-button\">Read more<\/a>\n                                    <\/div>\n                                <\/div>\n                            <\/div>\n                        <\/div>\n                                            <div class=\"col-xl-3 col-lg-6 col-md-6\">\n                            <div class=\"td-single-service-item\">\n                                <div class=\"td-service-image-icon\">\n                                                                        <a href=\"https:\/\/nordicclean.eu\/en\/service\/infekcijas-slimibu-testi\/\" class=\"td-service-image\" >\n                                        <img decoding=\"async\" src=\"https:\/\/nordicclean.eu\/wp-content\/uploads\/2023\/03\/service-3.jpg\" alt=\"Lab Service\">\n                                    <\/a>\n                                                                        <div class=\"td-service-icon\">\n\t\t                                <i aria-hidden=\"true\" class=\"flaticon-laboratory\"><\/i>                                    <\/div>\n                                <\/div>\n\n                                <div class=\"td-service-box-content\">\n                                    <h4 class=\"td-service-title\">Infectious disease tests<\/h4>\n\n                                    <div class=\"td-service-desc\">\n\t                                    <p>For viral, bacterial and parasitic infections.<\/p>                                    <\/div>\n\n                                    <div class=\"td-service-btn-wrapper\">\n                                        <a href=\"https:\/\/nordicclean.eu\/en\/service\/infekcijas-slimibu-testi\/\" class=\"td-button\">Read more<\/a>\n                                    <\/div>\n                                <\/div>\n                            <\/div>\n                        <\/div>\n                                <\/div>\n\t\t<\/div>\n\t\t\t\t\t\t<\/div>\n\t\t\t\t<\/div>\n\t\t\t\t<\/div>\n\t\t<div class=\"elementor-element elementor-element-46b0704 e-con-full e-flex e-con e-child\" data-id=\"46b0704\" data-element_type=\"container\" data-e-type=\"container\">\n\t\t\t\t<div class=\"elementor-element elementor-element-c64fd65 elementor-widget elementor-widget-themedraft_service_box_one\" data-id=\"c64fd65\" data-element_type=\"widget\" data-e-type=\"widget\" data-widget_type=\"themedraft_service_box_one.default\">\n\t\t\t\t<div class=\"elementor-widget-container\">\n\t\t\t\t\t\n\t\t<div class=\"td-service-box-wrapper td-service-layout-1\">\n            <div class=\"row\">\n                                        <div class=\"col-xl-3 col-lg-6 col-md-6\">\n                            <div class=\"td-single-service-item\">\n                                <div class=\"td-service-image-icon\">\n                                                                        <a href=\"https:\/\/nordicclean.eu\/en\/service\/kunga-un-zarnu-trakta-testi\/\" class=\"td-service-image\" >\n                                        <img decoding=\"async\" src=\"https:\/\/nordicclean.eu\/wp-content\/uploads\/2023\/03\/service-2.jpg\" alt=\"\">\n                                    <\/a>\n                                                                        <div class=\"td-service-icon\">\n\t\t                                <i aria-hidden=\"true\" class=\"td-icon flaticon-animal-testing\"><\/i>                                    <\/div>\n                                <\/div>\n\n                                <div class=\"td-service-box-content\">\n                                    <h4 class=\"td-service-title\">Gastrointestinal tests<\/h4>\n\n                                    <div class=\"td-service-desc\">\n\t                                    <p>For the diagnosis of gastrointestinal diseases.<\/p>                                    <\/div>\n\n                                    <div class=\"td-service-btn-wrapper\">\n                                        <a href=\"https:\/\/nordicclean.eu\/en\/service\/kunga-un-zarnu-trakta-testi\/\" class=\"td-button\">Read more<\/a>\n                                    <\/div>\n                                <\/div>\n                            <\/div>\n                        <\/div>\n                                            <div class=\"col-xl-3 col-lg-6 col-md-6\">\n                            <div class=\"td-single-service-item\">\n                                <div class=\"td-service-image-icon\">\n                                                                        <a href=\"https:\/\/nordicclean.eu\/en\/service\/narkotiku-lietosanas-testi\/\" class=\"td-service-image\" >\n                                        <img decoding=\"async\" src=\"https:\/\/nordicclean.eu\/wp-content\/uploads\/2023\/03\/service-1.jpg\" alt=\"Lab Service\">\n                                    <\/a>\n                                                                        <div class=\"td-service-icon\">\n\t\t                                <i aria-hidden=\"true\" class=\"td-icon flaticon-pills\"><\/i>                                    <\/div>\n                                <\/div>\n\n                                <div class=\"td-service-box-content\">\n                                    <h4 class=\"td-service-title\">Drug tests<\/h4>\n\n                                    <div class=\"td-service-desc\">\n\t                                    <p>For the detection of drugs in saliva and urine.<\/p>                                    <\/div>\n\n                                    <div class=\"td-service-btn-wrapper\">\n                                        <a href=\"https:\/\/nordicclean.eu\/en\/service\/narkotiku-lietosanas-testi\/\" class=\"td-button\">Read more<\/a>\n                                    <\/div>\n                                <\/div>\n                            <\/div>\n                        <\/div>\n                                            <div class=\"col-xl-3 col-lg-6 col-md-6\">\n                            <div class=\"td-single-service-item\">\n                                <div class=\"td-service-image-icon\">\n                                                                        <a href=\"https:\/\/nordicclean.eu\/en\/service\/nieru-darbibas-testi\/\" class=\"td-service-image\" >\n                                        <img decoding=\"async\" src=\"https:\/\/nordicclean.eu\/wp-content\/uploads\/2023\/03\/service-4.jpg\" alt=\"\">\n                                    <\/a>\n                                                                        <div class=\"td-service-icon\">\n\t\t                                <i aria-hidden=\"true\" class=\"td-icon flaticon-report\"><\/i>                                    <\/div>\n                                <\/div>\n\n                                <div class=\"td-service-box-content\">\n                                    <h4 class=\"td-service-title\">Kidney function tests<\/h4>\n\n                                    <div class=\"td-service-desc\">\n\t                                    <p>For early detection and monitoring of kidney damage.<\/p>                                    <\/div>\n\n                                    <div class=\"td-service-btn-wrapper\">\n                                        <a href=\"https:\/\/nordicclean.eu\/en\/service\/nieru-darbibas-testi\/\" class=\"td-button\">Read more<\/a>\n                                    <\/div>\n                                <\/div>\n                            <\/div>\n                        <\/div>\n                                            <div class=\"col-xl-3 col-lg-6 col-md-6\">\n                            <div class=\"td-single-service-item\">\n                                <div class=\"td-service-image-icon\">\n                                                                        <a href=\"https:\/\/nordicclean.eu\/en\/service\/sirds-un-asinsvadu-testi\/\" class=\"td-service-image\" >\n                                        <img decoding=\"async\" src=\"https:\/\/nordicclean.eu\/wp-content\/uploads\/2023\/03\/service-3.jpg\" alt=\"Lab Service\">\n                                    <\/a>\n                                                                        <div class=\"td-service-icon\">\n\t\t                                <i aria-hidden=\"true\" class=\"td-icon flaticon-skin\"><\/i>                                    <\/div>\n                                <\/div>\n\n                                <div class=\"td-service-box-content\">\n                                    <h4 class=\"td-service-title\">Cardiovascular tests<\/h4>\n\n                                    <div class=\"td-service-desc\">\n\t                                    <p>For diagnosis and monitoring of heart disease.<\/p>                                    <\/div>\n\n                                    <div class=\"td-service-btn-wrapper\">\n                                        <a href=\"https:\/\/nordicclean.eu\/en\/service\/sirds-un-asinsvadu-testi\/\" class=\"td-button\">Read more<\/a>\n                                    <\/div>\n                                <\/div>\n                            <\/div>\n                        <\/div>\n                                <\/div>\n\t\t<\/div>\n\t\t\t\t\t\t<\/div>\n\t\t\t\t<\/div>\n\t\t\t\t<\/div>\n\t\t\t\t\t<\/div>\n\t\t\t\t<\/div>\n\t\t\t\t<\/div>","protected":false},"excerpt":{"rendered":"<p>Audz\u0113ju mar\u0137ieru testi V\u0113\u017ea diagnostikas atbalstam un terapijas uzraudz\u012bbai. Las\u012bt vair\u0101k Augl\u012bbas un sievie\u0161u vesel\u012bbas testi Gr\u016btniec\u012bbas, ovul\u0101cijas, hormon\u0101lo un vagin\u0101lo infekciju diagnostikai. Las\u012bt vair\u0101k Iekaisuma testi Iekaisuma mar\u0137ieru noteik\u0161anai organism\u0101. Las\u012bt vair\u0101k Infekcijas slim\u012bbu testi V\u012brusu, bakt\u0113riju un parazit\u0101ro infekciju noteik\u0161anai. Las\u012bt vair\u0101k Ku\u0146\u0123a un zarnu trakta testi Ku\u0146\u0123a un zarnu slim\u012bbu diagnostic\u0113\u0161anai. Las\u012bt [&hellip;]<\/p>\n","protected":false},"author":1,"featured_media":0,"parent":0,"menu_order":0,"comment_status":"closed","ping_status":"closed","template":"","meta":{"footnotes":""},"class_list":["post-1730","page","type-page","status-publish","hentry"],"_links":{"self":[{"href":"https:\/\/nordicclean.eu\/en\/wp-json\/wp\/v2\/pages\/1730","targetHints":{"allow":["GET"]}}],"collection":[{"href":"https:\/\/nordicclean.eu\/en\/wp-json\/wp\/v2\/pages"}],"about":[{"href":"https:\/\/nordicclean.eu\/en\/wp-json\/wp\/v2\/types\/page"}],"author":[{"embeddable":true,"href":"https:\/\/nordicclean.eu\/en\/wp-json\/wp\/v2\/users\/1"}],"replies":[{"embeddable":true,"href":"https:\/\/nordicclean.eu\/en\/wp-json\/wp\/v2\/comments?post=1730"}],"version-history":[{"count":5,"href":"https:\/\/nordicclean.eu\/en\/wp-json\/wp\/v2\/pages\/1730\/revisions"}],"predecessor-version":[{"id":1735,"href":"https:\/\/nordicclean.eu\/en\/wp-json\/wp\/v2\/pages\/1730\/revisions\/1735"}],"wp:attachment":[{"href":"https:\/\/nordicclean.eu\/en\/wp-json\/wp\/v2\/media?parent=1730"}],"curies":[{"name":"wp","href":"https:\/\/api.w.org\/{rel}","templated":true}]}}