{"id":3,"date":"2025-05-16T12:12:14","date_gmt":"2025-05-16T12:12:14","guid":{"rendered":"http:\/\/nordicclean.eu\/?page_id=3"},"modified":"2025-07-07T06:40:27","modified_gmt":"2025-07-07T06:40:27","slug":"privacy-policy","status":"publish","type":"page","link":"https:\/\/nordicclean.eu\/en\/privacy-policy\/","title":{"rendered":"Privacy Policy"},"content":{"rendered":"<div data-elementor-type=\"wp-page\" data-elementor-id=\"3\" class=\"elementor elementor-3\" data-elementor-post-type=\"page\">\n\t\t\t\t<div class=\"elementor-element elementor-element-68983a6 e-flex e-con-boxed e-con e-parent\" data-id=\"68983a6\" data-element_type=\"container\" data-e-type=\"container\">\n\t\t\t\t\t<div class=\"e-con-inner\">\n\t\t\t\t<div class=\"elementor-element elementor-element-92688d3 elementor-widget elementor-widget-text-editor\" data-id=\"92688d3\" data-element_type=\"widget\" data-e-type=\"widget\" data-widget_type=\"text-editor.default\">\n\t\t\t\t<div class=\"elementor-widget-container\">\n\t\t\t\t\t\t\t\t\t<p><strong>PRIVACY POLICY<\/strong><\/p><p>All legal rules on one page<\/p><p>SIA\u00a0<strong>\"NORDEN GROUP\"<\/strong>\u00a0(hereinafter referred to as\u00a0<strong>NORDEN GROUP<\/strong>) takes the security of your data very seriously and has developed a policy and data protection framework that includes technical and organisational measures to ensure that your privacy is protected.<\/p><p><strong>NORDEN GROUP<\/strong>\u00a0the main purpose of processing your data is to provide information and\/or services. This privacy policy explains our data processing methods and your choices about how your data is collected and used.<\/p><p>The Privacy Policy regarding your personal data is based on the Privacy Policy of the European Parliament and of the Council of 27 April 2016\u00a0<strong>Regulation (EU) 2016\/679<\/strong>\u00a0rules known as\u00a0<strong>General Data Protection Regulation (GDPR)<\/strong>, as well as other relevant laws and regulations in the sector.<\/p><p><strong>DATA SHOW<\/strong><\/p><p><strong>SIA \"NORDEN GROUP\"<\/strong><\/p><ul><li>Registration number:\u00a0<strong>LV40103872150<\/strong><\/li><li>Legal address:\u00a0<strong>Br\u012bv\u012bbas 40-43, R\u012bga LV-1050<\/strong><\/li><\/ul><p><strong>WHAT DATA IS PROCESSED BY NORDEN GROUP?<\/strong><\/p><p><strong>NORDEN GROUP<\/strong>\u00a0collect personal data about you if you voluntarily provide such information, such as email addresses for contact or consultation. In some cases, you may have already provided\u00a0<strong>NORDEN GROUP<\/strong>\u00a0your personal data (for example, if you are a former employee)<\/p><p>In some cases\u00a0<strong>NORDEN GROUP<\/strong>\u00a0uses cookies, web beacons and other technologies to automatically collect certain information when you visit our website or contact us by email. This information helps us to improve your online experience, the usability of our website and the effectiveness of our marketing activities.<\/p><p>By visiting our website,\u00a0<strong>NORDEN GROUP<\/strong>\u00a0may have access to the following information, which may contain your personal data:<\/p><ul><li>Your device and browser<\/li><li>Information from cookies (Read more about how we use cookies in our Cookie Policy)<\/li><li>Google Analytics and other similar technologies used\u00a0<strong>NORDEN GROUP<\/strong><\/li><\/ul><p>If you provide\u00a0<strong>NORDEN GROUP<\/strong>\u00a0your personal data, we will use it in accordance with this Privacy Policy. Your data will not be used for any other purpose without your consent, except where required by law.<\/p><p><strong>LEGAL BASIS FOR PROCESSING<\/strong><\/p><p><strong>NORDEN GROUP<\/strong>\u00a0process your personal data only if there is a legal basis for doing so, which may vary depending on the purpose of the processing.<\/p><p>We can build on the following legal foundations:<\/p><p>\u2714\u00a0<strong>Legitimate interests:<\/strong>\u00a0We process your personal data to develop and improve our business, including for marketing purposes.<\/p><p>\u2714\u00a0<strong>Legal obligation:<\/strong>\u00a0The data is processed to comply with regulatory requirements, such as tax or financial reporting.<\/p><p>\u2714\u00a0<strong>Contract performance:<\/strong>\u00a0Processing is necessary for the performance of contractual obligations.<\/p><p>\u2714\u00a0<strong>Your consent:<\/strong>\u00a0In some cases\u00a0<strong>NORDEN GROUP<\/strong>\u00a0will ask for your consent and will only process your data with your permission.<\/p><p><strong>THE PURPOSES OF THE PROCESSING<\/strong><\/p><p><strong>NORDEN GROUP<\/strong>\u00a0collect and process your data for the following purposes:<\/p><ul><li>Respond to your requests and provide information.<\/li><li>To produce anonymous statistics on the use of the website.<\/li><li>Providing services and updates.<\/li><li>Direct marketing.<\/li><li>Provide customer support.<\/li><li>Analyse customer habits to improve our services and marketing communications.<\/li><\/ul><p>All data is processed in accordance with the relevant laws and regulations.<\/p><p><strong>DATA STORAGE<\/strong><\/p><p><strong>NORDEN GROUP<\/strong>\u00a0retain your personal data for as long as any of the above legal grounds for processing it exist. When this basis ceases to apply, your data will be deleted.<\/p><p><strong>TRANSFER OF DATA TO THIRD PARTIES<\/strong><\/p><p>To provide services,\u00a0<strong>NORDEN GROUP<\/strong>\u00a0cooperate with third parties to whom data may be transferred, such as:<\/p><p>\u2714 Customer data analytics providers<\/p><p>\u2714 Direct marketing message services<\/p><p>\u2714 Data centre and server hosting services<\/p><p>\u2714 System development and maintenance services<\/p><p>We ensure that all third parties comply with the same data protection requirements as set out by law.<\/p><p><strong>YOUR RIGHTS<\/strong><\/p><p>You have the right to:<\/p><p>\u2714 Request access to your data and correct, amend or delete it.<\/p><p>\u2714 Restrict the processing of your data or request its transfer.<\/p><p>\u2714 Oppose the processing of your data.<\/p><p>To exercise your rights, please contact us using the contact details below.<\/p><p>We will consider your request within 30 days and may request additional information to verify your identity.<\/p><p>If you think\u00a0<strong>NORDEN GROUP<\/strong>\u00a0has acted unlawfully, you have the right to lodge a complaint with the data protection supervisory authority.<\/p>\t\t\t\t\t\t\t\t<\/div>\n\t\t\t\t<\/div>\n\t\t\t\t\t<\/div>\n\t\t\t\t<\/div>\n\t\t<div class=\"elementor-element elementor-element-d3586bd e-flex e-con-boxed e-con e-parent\" data-id=\"d3586bd\" data-element_type=\"container\" data-e-type=\"container\">\n\t\t\t\t\t<div class=\"e-con-inner\">\n\t\t\t\t<div class=\"elementor-element elementor-element-caf4534 elementor-widget elementor-widget-html\" data-id=\"caf4534\" data-element_type=\"widget\" data-e-type=\"widget\" data-widget_type=\"html.default\">\n\t\t\t\t<div class=\"elementor-widget-container\">\n\t\t\t\t\t<a href=\"#\" class=\"cky-consent-link\"><b style='font-size: 22px;'>TO REVIEW YOUR COOKIE SETTINGS, CLICK HERE<\/b><\/a>\n<script>\n    document.addEventListener(\"DOMContentLoaded\", function() {\n        document.querySelectorAll(\".cky-consent-link\").forEach(el => {\n            el.addEventListener(\"click\", function(event) {\n                event.preventDefault();\n                document.querySelector(\".cky-consent-container\").classList.remove(\"cky-hide\");\n            });\n        });\n    });\n<\/script>\t\t\t\t<\/div>\n\t\t\t\t<\/div>\n\t\t\t\t\t<\/div>\n\t\t\t\t<\/div>\n\t\t<div class=\"elementor-element elementor-element-95f159c e-flex e-con-boxed e-con e-parent\" data-id=\"95f159c\" data-element_type=\"container\" data-e-type=\"container\">\n\t\t\t\t\t<div class=\"e-con-inner\">\n\t\t\t\t<div class=\"elementor-element elementor-element-636f883 elementor-widget elementor-widget-text-editor\" data-id=\"636f883\" data-element_type=\"widget\" data-e-type=\"widget\" data-widget_type=\"text-editor.default\">\n\t\t\t\t<div class=\"elementor-widget-container\">\n\t\t\t\t\t\t\t\t\t<p><strong>NORDEN GROUP Website Cookie Policy<\/strong><\/p>\n<p><strong>NORDEN GROUP<\/strong>\u00a0The website uses cookies to improve your browsing experience. By giving your consent, you allow the placement of various types of cookies on your computer or other devices when you access our website. In addition to cookies that are essential to the operation of the site, we may also use web beacons, pixels or similar data storage technologies.<\/p>\n<p>The purpose of this Cookie Policy is to provide you with information about\u00a0<strong>NORDEN GROUP<\/strong>\u00a0the categories of cookies used on the website and the purposes for which they are used.<\/p>\n<p><strong>WHAT ARE COOKIES?<\/strong><\/p>\n<p>Cookies are small text files that a website creates and stores on your device when you visit that website. On your next visit, your browser sends the information stored in the cookies back to the website, allowing it to recognise and store your settings, preferences and other relevant information. This helps to improve the user experience by making future visits more convenient and personalised.<\/p>\n<p><strong>WHAT COOKIES ARE USED BY NORDEN GROUP AND FOR WHAT PURPOSE?<\/strong><\/p>\n<p><strong>NORDEN GROUP<\/strong>\u00a0The website uses different types of cookies for different purposes. Below is information about the categories of cookies that may be stored in your browser:<\/p>\n<ul>\n<li><strong>Cookies required:<\/strong>\u00a0These cookies are essential for the proper functioning of the website and cannot be disabled. They are set according to the actions you take, such as privacy settings or filling in forms. If these cookies are blocked or deactivated, some elements of the website may not function properly.<\/li>\n<li><strong>Functional cookies:<\/strong>\u00a0These cookies provide additional functionalities on the website, such as social media sharing or feedback. Some of these may be provided by third parties.<\/li>\n<li><strong>Performance cookies:<\/strong>\u00a0These cookies help us to analyse key performance indicators of the website and improve the user experience.<\/li>\n<li><strong>Analytical cookies:<\/strong>\u00a0They are used to track and analyse site visits and traffic sources to help\u00a0<strong>NORDEN GROUP<\/strong>\u00a0improve the website's performance. These cookies store anonymous and aggregated data about the most popular pages and user navigation. They are stored permanently on your device. If these cookies are turned off,\u00a0<strong>NORDEN GROUP<\/strong>\u00a0will not be able to analyse the website's activity and recognise your previous visits.<\/li>\n<li><strong>Other cookies:<\/strong>\u00a0This category includes cookies that are still being analysed and have not been assigned to a specific category.<\/li>\n<\/ul>\n<p><strong>THIRD PARTY COOKIES<\/strong><\/p>\n<p>Our website may use third party services, including analytics tools, to gain insight into the popularity and usability of the website. These services may use cookies to collect information about your interactions with the site. More information about these cookies and their privacy policies can be found on the websites of the relevant third party service providers.<\/p>\n<p>You have the possibility to refuse the processing of third party cookies at any time. Please see the next section on cookie control for information on how to do this.<\/p>\n<p><strong>NORDEN GROUP<\/strong>\u00a0can be used\u00a0<strong>Google Analytics<\/strong>\u00a0cookies to measure how users interact with our website. These cookies collect information such as unique visits, repeat visits, session duration and site activity.<\/p>\n<p>Also\u00a0<strong>NORDEN GROUP<\/strong>\u00a0can be used\u00a0<strong>Facebook pixels<\/strong>to analyse user activity on the website, such as pages visited, your Facebook ID and browser data. This information is used to show you tailored ads while you use Facebook and to measure the effectiveness of ads.<\/p>\n<p>For more information on\u00a0<strong>Google Analytics<\/strong>\u00a0and\u00a0<strong>Facebook<\/strong>\u00a0If you would like to request a data processing and change your preferences, please visit the websites of the respective service providers and read their privacy policies.<\/p>\n<p><strong>HOW DO I CONTROL COOKIES?<\/strong><\/p>\n<p>When you visit our website, you will receive a notice about our use of cookies. You will be offered the opportunity to manage and accept certain types of cookies.<\/p>\n<p><strong>NORDEN GROUP<\/strong>\u00a0provides you with the opportunity to refuse certain cookies, choose the type of cookies you prefer and adjust the settings to suit your preferences. However, please note that deactivating some cookies may affect the functionality of the website and the features it offers.<\/p>\n<p>You can fully control and delete cookies of your choice. This includes the ability to remove or block any cookies already stored on your device. However, please note that if you do this, some elements of the website may not work properly and you may have to reconfigure your settings each time you visit the website.<\/p>\n<p>If you choose not to allow certain cookies, part of\u00a0<strong>NORDEN GROUP<\/strong>\u00a0website features may not be fully available.<\/p>\n<p><strong>CHANGES TO THE COOKIE POLICY<\/strong><\/p>\n<p><strong>NORDEN GROUP<\/strong>\u00a0reserves the right to make changes or update this Cookie Policy as necessary. These changes are essential to ensure compliance with the latest privacy requirements. The Policy shall take effect immediately upon its publication on the Website.<\/p>\n<p>By continuing to use our website and\/or services following any changes to the Cookie Policy, you agree to the updated terms. It is your responsibility to review this policy regularly to be aware of any changes.<\/p>\n<p>You can always find the latest version of our Cookie Policy\u00a0<strong>NORDEN GROUP<\/strong>\u00a0on the website:\u00a0<a href=\"http:\/\/www.nordicclean.lv\" target=\"_blank\" rel=\"noopener\">www.nordicclean.lv<\/a>.<\/p>\n<p><strong>CONTACT<\/strong><\/p>\n<p>If you have questions or concerns about your personal data in relation to this Cookie Policy, or wish to make a complaint about the processing of your personal data\u00a0<strong>NORDEN GROUP<\/strong>, please contact us:<\/p>\n<p><strong>E-mail:<\/strong>\u00a0<a href=\"mailto:info@nordicclean.lv\">info@nordicclean.lv<\/a><\/p>\n<p><strong>Phone:<\/strong><a href=\"tel:+371%2026124901\">\u00a0+371 26124901<\/a><\/p>\n<p><strong>Address:<\/strong>\u00a0Br\u012bv\u012bbas 40-43, R\u012bga LV-1050<\/p>\n<p>We are committed to addressing your questions and providing the support you need.<\/p>\n<p>\u00a0<\/p>\t\t\t\t\t\t\t\t<\/div>\n\t\t\t\t<\/div>\n\t\t\t\t\t<\/div>\n\t\t\t\t<\/div>\n\t\t\t\t<\/div>","protected":false},"excerpt":{"rendered":"<p>PRIV\u0100TUMA POLITIKA Visi juridiskie noteikumi vien\u0101 lap\u0101 SIA\u00a0\u201cNORDEN GROUP\u201d\u00a0(turpm\u0101k \u2013\u00a0NORDEN GROUP) \u013coti nopietni uztver J\u016bsu datu dro\u0161\u012bbu un ir izstr\u0101d\u0101jis politiku un datu aizsardz\u012bbas ietvaru, kas ietver tehniskus un organizatoriskus pas\u0101kumus, lai nodro\u0161in\u0101tu J\u016bsu priv\u0101tuma aizsardz\u012bbu. NORDEN GROUP\u00a0galvenais m\u0113r\u0137is, apstr\u0101d\u0101jot J\u016bsu datus, ir sniegt inform\u0101ciju un\/vai pakalpojumus. \u0160\u012b priv\u0101tuma politika izskaidro m\u016bsu datu apstr\u0101des metodes [&hellip;]<\/p>\n","protected":false},"author":1,"featured_media":0,"parent":0,"menu_order":0,"comment_status":"closed","ping_status":"open","template":"","meta":{"footnotes":""},"class_list":["post-3","page","type-page","status-publish","hentry"],"_links":{"self":[{"href":"https:\/\/nordicclean.eu\/en\/wp-json\/wp\/v2\/pages\/3","targetHints":{"allow":["GET"]}}],"collection":[{"href":"https:\/\/nordicclean.eu\/en\/wp-json\/wp\/v2\/pages"}],"about":[{"href":"https:\/\/nordicclean.eu\/en\/wp-json\/wp\/v2\/types\/page"}],"author":[{"embeddable":true,"href":"https:\/\/nordicclean.eu\/en\/wp-json\/wp\/v2\/users\/1"}],"replies":[{"embeddable":true,"href":"https:\/\/nordicclean.eu\/en\/wp-json\/wp\/v2\/comments?post=3"}],"version-history":[{"count":14,"href":"https:\/\/nordicclean.eu\/en\/wp-json\/wp\/v2\/pages\/3\/revisions"}],"predecessor-version":[{"id":1716,"href":"https:\/\/nordicclean.eu\/en\/wp-json\/wp\/v2\/pages\/3\/revisions\/1716"}],"wp:attachment":[{"href":"https:\/\/nordicclean.eu\/en\/wp-json\/wp\/v2\/media?parent=3"}],"curies":[{"name":"wp","href":"https:\/\/api.w.org\/{rel}","templated":true}]}}