{"id":622,"date":"2023-03-12T17:15:37","date_gmt":"2023-03-12T17:15:37","guid":{"rendered":"https:\/\/demo.themedraft.net\/wp\/labtory\/?page_id=622"},"modified":"2025-05-26T10:13:09","modified_gmt":"2025-05-26T10:13:09","slug":"contact","status":"publish","type":"page","link":"https:\/\/nordicclean.eu\/en\/contact\/","title":{"rendered":"Contact"},"content":{"rendered":"\t\t<div data-elementor-type=\"wp-page\" data-elementor-id=\"622\" class=\"elementor elementor-622\" data-elementor-post-type=\"page\">\n\t\t\t\t<div class=\"elementor-element elementor-element-f3455d6 e-flex e-con-boxed e-con e-parent\" data-id=\"f3455d6\" data-element_type=\"container\" data-e-type=\"container\">\n\t\t\t\t\t<div class=\"e-con-inner\">\n\t\t\t\t<div class=\"elementor-element elementor-element-c7c8bea elementor-widget elementor-widget-heading\" data-id=\"c7c8bea\" data-element_type=\"widget\" data-e-type=\"widget\" data-widget_type=\"heading.default\">\n\t\t\t\t<div class=\"elementor-widget-container\">\n\t\t\t\t\t<h2 class=\"elementor-heading-title elementor-size-default\">M\u016bsu kontakti<\/h2>\t\t\t\t<\/div>\n\t\t\t\t<\/div>\n\t\t\t\t\t<\/div>\n\t\t\t\t<\/div>\n\t\t\t\t<section class=\"elementor-section elementor-top-section elementor-element elementor-element-4178489 elementor-section-stretched elementor-section-boxed elementor-section-height-default elementor-section-height-default\" data-id=\"4178489\" data-element_type=\"section\" data-e-type=\"section\" data-settings=\"{&quot;stretch_section&quot;:&quot;section-stretched&quot;}\">\n\t\t\t\t\t\t<div class=\"elementor-container elementor-column-gap-default\">\n\t\t\t\t\t<div class=\"elementor-column elementor-col-100 elementor-top-column elementor-element elementor-element-239a321b\" data-id=\"239a321b\" data-element_type=\"column\" data-e-type=\"column\">\n\t\t\t<div class=\"elementor-widget-wrap elementor-element-populated\">\n\t\t\t\t\t\t<div class=\"elementor-element elementor-element-12d0e570 elementor-widget elementor-widget-themedraft_contact_details_box\" data-id=\"12d0e570\" data-element_type=\"widget\" data-e-type=\"widget\" data-widget_type=\"themedraft_contact_details_box.default\">\n\t\t\t\t<div class=\"elementor-widget-container\">\n\t\t\t\t\t\n\t\t<div class=\"contact-details\">\n            <div class=\"row\">\n                                        <div class=\"col-xl-4 col-lg-6 col-md-6\">\n                            <div class=\"td-contact-details-box\">\n                                <div class=\"td-contact-details-box-icon\">\n                                    <div class=\"td-contact-details-icon\">\n                                        \n                                            <i aria-hidden=\"true\" class=\"td-icon flaticon-phone-call\"><\/i>\n                                                                            <\/div>\n                                <\/div>\n                                <h4 class=\"td-contact-box-title td-transition\">T\u0101lrunis<\/h4>\n\n                                <ul style=\"font-family: 'Playfair Display', serif!important;\"><li><span style=\"font-family: 'Playfair Display', serif!important;\"><a href=\"tel:37129499911\">+371 29499911<\/a><\/span><\/li><li><span style=\"font-family: 'Playfair Display', serif!important;\"><a href=\"tel:37129234743\">+371 29234743<\/a><\/span><\/li><\/ul>                            <\/div>\n                        <\/div>\n                                            <div class=\"col-xl-4 col-lg-6 col-md-6\">\n                            <div class=\"td-contact-details-box\">\n                                <div class=\"td-contact-details-box-icon\">\n                                    <div class=\"td-contact-details-icon\">\n                                        \n                                            <i aria-hidden=\"true\" class=\"td-icon flaticon-email-1\"><\/i>\n                                                                            <\/div>\n                                <\/div>\n                                <h4 class=\"td-contact-box-title td-transition\">E-pasts:<\/h4>\n\n                                <p>\u00a0<a href=\"mailto:info@nordicclean.eu\">info@nordicclean.eu<\/a><\/p>                            <\/div>\n                        <\/div>\n                                            <div class=\"col-xl-4 col-lg-6 col-md-6\">\n                            <div class=\"td-contact-details-box\">\n                                <div class=\"td-contact-details-box-icon\">\n                                    <div class=\"td-contact-details-icon\">\n                                        \n                                            <i aria-hidden=\"true\" class=\"td-icon flaticon-placeholder-1\"><\/i>\n                                                                            <\/div>\n                                <\/div>\n                                <h4 class=\"td-contact-box-title td-transition\">Juridisk\u0101 adrese<\/h4>\n\n                                <p><a href=\"https:\/\/www.google.com\/maps\/place\/Br\u012bv\u012bbas+iela+40,+Centra+rajons,+R\u012bga,+LV-1050\/@56.9545597,24.116219,17z\/data=!3m1!4b1!4m6!3m5!1s0x46eecfcde3c5335d:0x155521d194ac34e1!8m2!3d56.9545597!4d24.1187939!16s%2Fg%2F11x210g6g2?entry=ttu&amp;g_ep=EgoyMDI1MDUxNS4wIKXMDSoASAFQAw%3D%3D\" target=\"_blank\" rel=\"noopener\">Br\u012bv\u012bbas iela 40\u201343, R\u012bga, LV-1050<\/a><\/p>                            <\/div>\n                        <\/div>\n                                <\/div>\n\t\t<\/div>\n\n\t\t\t\t\t\t<\/div>\n\t\t\t\t<\/div>\n\t\t\t\t\t<\/div>\n\t\t<\/div>\n\t\t\t\t\t<\/div>\n\t\t<\/section>\n\t\t\t\t<section class=\"elementor-section elementor-top-section elementor-element elementor-element-4d9ccd18 elementor-section-stretched elementor-section-boxed elementor-section-height-default elementor-section-height-default\" data-id=\"4d9ccd18\" data-element_type=\"section\" data-e-type=\"section\" data-settings=\"{&quot;stretch_section&quot;:&quot;section-stretched&quot;}\">\n\t\t\t\t\t\t<div class=\"elementor-container elementor-column-gap-default\">\n\t\t\t\t\t<div class=\"elementor-column elementor-col-50 elementor-top-column elementor-element elementor-element-7781a716\" data-id=\"7781a716\" data-element_type=\"column\" data-e-type=\"column\">\n\t\t\t<div class=\"elementor-widget-wrap elementor-element-populated\">\n\t\t\t\t\t\t<div class=\"elementor-element elementor-element-588847e elementor-widget elementor-widget-heading\" data-id=\"588847e\" data-element_type=\"widget\" data-e-type=\"widget\" data-widget_type=\"heading.default\">\n\t\t\t\t<div class=\"elementor-widget-container\">\n\t\t\t\t\t<h2 class=\"elementor-heading-title elementor-size-default\">Sazinies ar mums<\/h2>\t\t\t\t<\/div>\n\t\t\t\t<\/div>\n\t\t\t\t<div class=\"elementor-element elementor-element-ae5aea5 elementor-widget elementor-widget-shortcode\" data-id=\"ae5aea5\" data-element_type=\"widget\" data-e-type=\"widget\" data-widget_type=\"shortcode.default\">\n\t\t\t\t<div class=\"elementor-widget-container\">\n\t\t\t\t\t\t\t<div class=\"elementor-shortcode\">\n    \n<div class=\"wpcf7 no-js\" id=\"wpcf7-f1483-o1\" lang=\"en-US\" dir=\"ltr\" data-wpcf7-id=\"1483\">\n<div class=\"screen-reader-response\"><p role=\"status\" aria-live=\"polite\" aria-atomic=\"true\"><\/p> <ul><\/ul><\/div>\n<form action=\"\/en\/wp-json\/wp\/v2\/pages\/622#wpcf7-f1483-o1\" method=\"post\" class=\"wpcf7-form init\" aria-label=\"Contact form\" novalidate=\"novalidate\" data-status=\"init\">\n<fieldset class=\"hidden-fields-container\"><input type=\"hidden\" name=\"_wpcf7\" value=\"1483\" \/><input type=\"hidden\" name=\"_wpcf7_version\" value=\"6.1.5\" \/><input type=\"hidden\" name=\"_wpcf7_locale\" value=\"en_US\" \/><input type=\"hidden\" name=\"_wpcf7_unit_tag\" value=\"wpcf7-f1483-o1\" \/><input type=\"hidden\" name=\"_wpcf7_container_post\" value=\"0\" \/><input type=\"hidden\" name=\"_wpcf7_posted_data_hash\" value=\"\" \/><input type=\"hidden\" name=\"_wpcf7_recaptcha_response\" value=\"\" \/>\n<\/fieldset>\n<form action=\"?\" method=\"POST\" class=\"td-contact-form\">\n\t<div class=\"row\">\n <!-- Name -->\n\t\t<div class=\"col-lg-6 col-md-6\">\n\t\t\t<div class=\"td-form-control-wrapper\">\n\t\t\t\t<p><span class=\"wpcf7-form-control-wrap\" data-name=\"sender_name\"><input size=\"40\" maxlength=\"400\" class=\"wpcf7-form-control wpcf7-text wpcf7-validates-as-required\" aria-required=\"true\" aria-invalid=\"false\" placeholder=\"Name*\" value=\"\" type=\"text\" name=\"sender_name\" \/><\/span>\n\t\t\t\t<\/p>\n\t\t\t<\/div>\n\t\t<\/div>\n\n <!-- Surname -->\n\t\t<div class=\"col-lg-6 col-md-6\">\n\t\t\t<div class=\"td-form-control-wrapper\">\n\t\t\t\t<p><span class=\"wpcf7-form-control-wrap\" data-name=\"sender_surname\"><input size=\"40\" maxlength=\"400\" class=\"wpcf7-form-control wpcf7-text wpcf7-validates-as-required\" aria-required=\"true\" aria-invalid=\"false\" placeholder=\"Surname*\" value=\"\" type=\"text\" name=\"sender_surname\" \/><\/span>\n\t\t\t\t<\/p>\n\t\t\t<\/div>\n\t\t<\/div>\n\n <!-- Email -->\n\t\t<div class=\"col-lg-6 col-md-6\">\n\t\t\t<div class=\"td-form-control-wrapper\">\n\t\t\t\t<p><span class=\"wpcf7-form-control-wrap\" data-name=\"sender_mail\"><input size=\"40\" maxlength=\"400\" class=\"wpcf7-form-control wpcf7-email wpcf7-validates-as-required wpcf7-text wpcf7-validates-as-email\" aria-required=\"true\" aria-invalid=\"false\" placeholder=\"Email*\" value=\"\" type=\"email\" name=\"sender_mail\" \/><\/span>\n\t\t\t\t<\/p>\n\t\t\t<\/div>\n\t\t<\/div>\n\n <!-- Subject -->\n\t\t<div class=\"col-lg-6 col-md-6\">\n\t\t\t<div class=\"td-form-control-wrapper\">\n\t\t\t\t<p><span class=\"wpcf7-form-control-wrap\" data-name=\"subject\"><input size=\"40\" maxlength=\"400\" class=\"wpcf7-form-control wpcf7-text wpcf7-validates-as-required\" aria-required=\"true\" aria-invalid=\"false\" placeholder=\"Subject\" value=\"\" type=\"text\" name=\"subject\" \/><\/span>\n\t\t\t\t<\/p>\n\t\t\t<\/div>\n\t\t<\/div>\n\n <!-- Message -->\n\t\t<div class=\"col-12\">\n\t\t\t<div class=\"td-form-control-wrapper\">\n\t\t\t\t<p><span class=\"wpcf7-form-control-wrap\" data-name=\"message\"><textarea cols=\"40\" rows=\"10\" maxlength=\"2000\" class=\"wpcf7-form-control wpcf7-textarea wpcf7-validates-as-required\" aria-required=\"true\" aria-invalid=\"false\" placeholder=\"Message\" name=\"message\"><\/textarea><\/span>\n\t\t\t\t<\/p>\n\t\t\t<\/div>\n\t\t<\/div>\n\n <!-- reCAPTCHA -->\n\t\t<div class=\"col-12\">\n\t\t\t<div class=\"td-form-control-wrapper\">\n\t\t\t\t<div class=\"g-recaptcha\" data-sitekey=\"6LebFz8rAAAAAFbOUE5YhXAxHE3V5k5ahMOh5PeU\">\n\t\t\t\t<\/div>\n\t\t\t<\/div>\n\t\t<\/div>\n\n <!-- Submit button -->\n\t\t<div class=\"col-12\">\n\t\t\t<p><button class=\"td-button\" type=\"submit\">Send<i class=\"fas fa-angle-double-right\"><\/i><\/button><span class=\"wpcf7-form-control-wrap\" data-name=\"acceptance\"><span class=\"wpcf7-form-control wpcf7-acceptance\"><span class=\"wpcf7-list-item\"><label><input type=\"checkbox\" name=\"acceptance\" value=\"1\" aria-invalid=\"false\" \/><span class=\"wpcf7-list-item-label\">I agree that my submitted data is <a href=\"\/privacy-policy\/\">collected and stored<\/a>.<\/span><\/label><\/span><\/span><\/span>\n\t\t\t<\/p>\n\t\t<\/div>\n\t<\/div>\n<\/form>\n\n<!-- Load reCAPTCHA -->\n<p><script src=\"https:\/\/www.google.com\/recaptcha\/api.js\" async defer><\/script>\n<\/p><div class=\"wpcf7-response-output\" aria-hidden=\"true\"><\/div>\n<\/form>\n<\/div>\n\n\n\n\n<\/div>\n\t\t\t\t\t\t<\/div>\n\t\t\t\t<\/div>\n\t\t\t\t\t<\/div>\n\t\t<\/div>\n\t\t\t\t<div class=\"elementor-column elementor-col-50 elementor-top-column elementor-element elementor-element-4f29e058\" data-id=\"4f29e058\" data-element_type=\"column\" data-e-type=\"column\">\n\t\t\t<div class=\"elementor-widget-wrap elementor-element-populated\">\n\t\t\t\t\t\t<div class=\"elementor-element elementor-element-520b580c elementor-widget elementor-widget-google_maps\" data-id=\"520b580c\" data-element_type=\"widget\" data-e-type=\"widget\" data-widget_type=\"google_maps.default\">\n\t\t\t\t<div class=\"elementor-widget-container\">\n\t\t\t\t\t\t\t<div class=\"elementor-custom-embed\">\n\t\t\t<iframe loading=\"lazy\"\n\t\t\t\t\tsrc=\"https:\/\/maps.google.com\/maps?q=Br%C4%ABv%C4%ABbas%20iela%2040&#038;t=m&#038;z=14&#038;output=embed&#038;iwloc=near\"\n\t\t\t\t\ttitle=\"Br\u012bv\u012bbas iela 40\"\n\t\t\t\t\taria-label=\"Br\u012bv\u012bbas iela 40\"\n\t\t\t><\/iframe>\n\t\t<\/div>\n\t\t\t\t\t\t<\/div>\n\t\t\t\t<\/div>\n\t\t\t\t\t<\/div>\n\t\t<\/div>\n\t\t\t\t\t<\/div>\n\t\t<\/section>\n\t\t<div class=\"elementor-element elementor-element-e6c9643 e-flex e-con-boxed e-con e-parent\" data-id=\"e6c9643\" data-element_type=\"container\" data-e-type=\"container\">\n\t\t\t\t\t<div class=\"e-con-inner\">\n\t\t\t\t\t<\/div>\n\t\t\t\t<\/div>\n\t\t<div class=\"elementor-element elementor-element-8318622 e-flex e-con-boxed e-con e-parent\" data-id=\"8318622\" data-element_type=\"container\" data-e-type=\"container\">\n\t\t\t\t\t<div class=\"e-con-inner\">\n\t\t\t\t<div class=\"elementor-element elementor-element-4d28764 elementor-widget elementor-widget-html\" data-id=\"4d28764\" data-element_type=\"widget\" data-e-type=\"widget\" data-widget_type=\"html.default\">\n\t\t\t\t<div class=\"elementor-widget-container\">\n\t\t\t\t\t<script>\ndocument.addEventListener('DOMContentLoaded', function () {\n    const lang = document.documentElement.lang;\n    const buttons = document.querySelectorAll('.td-button');\n\n    buttons.forEach(button => {\n        button.childNodes.forEach(node => {\n            if (node.nodeType === Node.TEXT_NODE) {\n                const text = node.textContent.trim();\n                if (lang === 'lv' && text === 'Read More') {\n                    node.textContent = 'Las\u012bt vair\u0101k ';\n                } else if (lang === 'en-US' && text === 'Las\u012bt vair\u0101k') {\n                    node.textContent = 'Read More ';\n                }\n            }\n        });\n    });\n});\n\ndocument.addEventListener('DOMContentLoaded', function () {\n  const burger = document.querySelector('.burger-menu');\n  const header = document.querySelector('.nc-header');\n\n  burger.addEventListener('click', function () {\n    header.classList.toggle('menu-open');\n  });\n});\ndocument.addEventListener('DOMContentLoaded', function () {\n  const lang = document.documentElement.lang;\n\n  \/\/ Define translation map\n  const translations = {\n    'lv': {\n      'English': 'Ang\u013cu',\n      'Latvian': 'Latvie\u0161u'\n    },\n    'en-US': {\n      'English': 'English',\n      'Latvian': 'Latvian'\n    }\n  };\n\n  const map = translations[lang] || translations['en-US'];\n\n  \/\/ Find all language links in the switcher\n  document.querySelectorAll('.trp-language-switcher a').forEach(link => {\n    link.childNodes.forEach(node => {\n      if (node.nodeType === Node.TEXT_NODE) {\n        const text = node.textContent.trim();\n        if (map[text]) {\n          node.textContent = map[text] + ' ';\n        }\n      }\n    });\n  });\n});\n\n<\/script>\n\t\t\t\t<\/div>\n\t\t\t\t<\/div>\n\t\t\t\t\t<\/div>\n\t\t\t\t<\/div>\n\t\t\t\t<\/div>\n\t\t","protected":false},"excerpt":{"rendered":"<p>Our contacts Phone +371 29499911 +371 29234743 E-mail: info@nordicclean.eu Legal address Br\u012bv\u012bbas iela 40-43, R\u012bga, LV-1050 Contact us<\/p>","protected":false},"author":2,"featured_media":0,"parent":0,"menu_order":0,"comment_status":"closed","ping_status":"closed","template":"","meta":{"footnotes":""},"class_list":["post-622","page","type-page","status-publish","hentry"],"_links":{"self":[{"href":"https:\/\/nordicclean.eu\/en\/wp-json\/wp\/v2\/pages\/622","targetHints":{"allow":["GET"]}}],"collection":[{"href":"https:\/\/nordicclean.eu\/en\/wp-json\/wp\/v2\/pages"}],"about":[{"href":"https:\/\/nordicclean.eu\/en\/wp-json\/wp\/v2\/types\/page"}],"author":[{"embeddable":true,"href":"https:\/\/nordicclean.eu\/en\/wp-json\/wp\/v2\/users\/2"}],"replies":[{"embeddable":true,"href":"https:\/\/nordicclean.eu\/en\/wp-json\/wp\/v2\/comments?post=622"}],"version-history":[{"count":59,"href":"https:\/\/nordicclean.eu\/en\/wp-json\/wp\/v2\/pages\/622\/revisions"}],"predecessor-version":[{"id":1717,"href":"https:\/\/nordicclean.eu\/en\/wp-json\/wp\/v2\/pages\/622\/revisions\/1717"}],"wp:attachment":[{"href":"https:\/\/nordicclean.eu\/en\/wp-json\/wp\/v2\/media?parent=622"}],"curies":[{"name":"wp","href":"https:\/\/api.w.org\/{rel}","templated":true}]}}